{"id":114,"date":"2024-10-27T18:52:43","date_gmt":"2024-10-27T17:52:43","guid":{"rendered":"https:\/\/nuitdesallumes.fr\/?page_id=114"},"modified":"2025-02-26T10:18:11","modified_gmt":"2025-02-26T09:18:11","slug":"telecharger","status":"publish","type":"page","link":"https:\/\/nuitdesallumes.fr\/index.php\/telecharger\/","title":{"rendered":"[ T\u00e9l\u00e9chargement ]"},"content":{"rendered":"\n<figure class=\"wp-block-image size-full is-resized\"><img loading=\"lazy\" decoding=\"async\" width=\"848\" height=\"305\" src=\"https:\/\/nuitdesallumes.fr\/wp-content\/uploads\/2024\/11\/logo_allumes_2025-2.png\" alt=\"\" class=\"wp-image-155\" style=\"width:225px;height:auto\" srcset=\"https:\/\/nuitdesallumes.fr\/wp-content\/uploads\/2024\/11\/logo_allumes_2025-2.png 848w, https:\/\/nuitdesallumes.fr\/wp-content\/uploads\/2024\/11\/logo_allumes_2025-2-300x108.png 300w, https:\/\/nuitdesallumes.fr\/wp-content\/uploads\/2024\/11\/logo_allumes_2025-2-768x276.png 768w\" sizes=\"auto, (max-width: 848px) 100vw, 848px\" \/><\/figure>\n\n\n\n<p class=\"has-black-color has-text-color has-link-color wp-elements-ed831743e57b4b90bc6292f2eb611a44\">.<\/p>\n\n\n\n<p class=\"has-text-color has-link-color has-medium-font-size wp-elements-037138f4420119b0b985de2ebccec018\" style=\"color:#ffd2a0;font-style:normal;font-weight:500\"><strong><em>NOUVEAU  :<\/em><\/strong><\/p>\n\n\n\n<p>Visionnez ou t\u00e9l\u00e9chargez la vid\u00e9o de pr\u00e9sentation de la Nuit des Allum\u00e9s V2025 (Format Mp4) :<\/p>\n\n\n\n<p class=\"has-pale-cyan-blue-color has-text-color has-link-color wp-elements-bed10d585a736732937ae0a93475d160\">Questions &#8220;Pr\u00e9sentation&#8221; 6&#8217;45&#8221; : <a href=\"http:\/\/www.nuitdesallumes.fr\/allumes2025_questions.mp4\" data-type=\"link\" data-id=\"www.nuitdesallumes.fr\/allumes2025_questions.mp4\" target=\"_blank\" rel=\"noreferrer noopener\">www.nuitdesallumes.fr\/allumes2025_questions.mp4<\/a><\/p>\n\n\n\n<p class=\"has-pale-cyan-blue-color has-text-color has-link-color wp-elements-172d134972bab20f0c82373e06769235\">Questions &#8220;Partenariat&#8221; 2&#8217;05&#8221; : <a href=\"https:\/\/www.nuitdesallumes.fr\/allumes2025_questions_partner.mp4\" target=\"_blank\" rel=\"noreferrer noopener\">https:\/\/www.nuitdesallumes.fr\/allumes2025_questions_partner.mp4<\/a><\/p>\n\n\n\n<p><\/p>\n\n\n\n<p class=\"has-pale-cyan-blue-color has-text-color has-link-color wp-elements-0556289b522d704c04bc3de233ebc6eb\">Questions &#8220;Version compl\u00e8te&#8221; 10&#8217;30&#8221; : <a href=\"https:\/\/www.nuitdesallumes.fr\/allumes2025_questionsfull.mp4\" target=\"_blank\" rel=\"noreferrer noopener\">https:\/\/www.nuitdesallumes.fr\/allumes2025_questionsfull.mp4<\/a><\/p>\n\n\n\n<p><\/p>\n\n\n\n<p class=\"has-black-color has-text-color has-link-color wp-elements-ed831743e57b4b90bc6292f2eb611a44\">.<\/p>\n\n\n\n<p class=\"has-black-color has-text-color has-link-color wp-elements-ed831743e57b4b90bc6292f2eb611a44\">.<\/p>\n\n\n\n<p class=\"has-text-color has-link-color has-medium-font-size wp-elements-18b1554719acf927c2aa6b23dbe51135\" style=\"color:#ffd2a0;font-style:normal;font-weight:500\"><strong><em>EN COURS :<\/em><\/strong><\/p>\n\n\n\n<p>Courrier de premier contact (A4 portrait 2 pages PDF ) :<\/p>\n\n\n\n<p class=\"has-pale-cyan-blue-color has-text-color has-link-color wp-elements-52f862bab29fe91ebbc08f34bf161675\"><a href=\"http:\/\/www.nuitdesallumes.fr\/1ercontact_allumes2025.pdf\">www.nuitdesallumes.fr\/1ercontact_allumes2025.pdf<\/a><\/p>\n\n\n\n<p class=\"has-black-color has-text-color has-link-color wp-elements-ed831743e57b4b90bc6292f2eb611a44\">.<\/p>\n\n\n\n<p>Courrier de pr\u00e9sentation des Allum\u00e9s (A4 portrait 2 pages PDF ) :<\/p>\n\n\n\n<p class=\"has-pale-cyan-blue-color has-text-color has-link-color wp-elements-92b6eb79c37eb7b4d478f3eeb8e05a37\"><a href=\"http:\/\/www.nuitdesallumes.fr\/presentation_allumes2025v01.pdf\">www.nuitdesallumes.fr\/presentation_allumes2025v01.pdf<\/a><\/p>\n\n\n\n<p class=\"has-black-color has-text-color has-link-color wp-elements-ed831743e57b4b90bc6292f2eb611a44\">.<\/p>\n\n\n\n<p>Dossier de pr\u00e9sentation (A5 paysage 32 pages PDF) : <\/p>\n\n\n\n<p class=\"has-pale-cyan-blue-color has-text-color has-link-color wp-elements-7ba3aaa3767ee51a43403d444e914f33\"><a href=\"http:\/\/www.nuitdesallumes.fr\/allumes2025_v02.pdf\">www.nuitdesallumes.fr\/allumes2025_v02.pdf<\/a><\/p>\n\n\n\n<p class=\"has-black-color has-text-color has-link-color wp-elements-ed831743e57b4b90bc6292f2eb611a44\">.<\/p>\n\n\n\n<p class=\"has-black-color has-text-color has-link-color wp-elements-ed831743e57b4b90bc6292f2eb611a44\">.<\/p>\n\n\n\n<p class=\"has-text-color has-link-color has-medium-font-size wp-elements-072313514da638916a94720633418aa3\" style=\"color:#ffd2a0;font-style:normal;font-weight:500\"><strong><em>ARCHIVES :<\/em><\/strong><\/p>\n\n\n\n<p>Plaquette &#8220;MerciS&#8221; 1ere nuit des Allum\u00e9s (A5 paysage 24 pages PDF) :<\/p>\n\n\n\n<p class=\"has-pale-cyan-blue-color has-text-color has-link-color wp-elements-7ccb71cd9bc22694b9eb17568e1ba326\"><a href=\"http:\/\/www.nuitdesallumes.fr\/allumes2022_mercis.pdf\">www.nuitdesallumes.fr\/allumes2022_mercis.pdf<\/a><\/p>\n","protected":false},"excerpt":{"rendered":"<p>. NOUVEAU : Visionnez ou t\u00e9l\u00e9chargez la vid\u00e9o de pr\u00e9sentation de la Nuit des Allum\u00e9s V2025 (Format Mp4) : Questions &#8220;Pr\u00e9sentation&#8221; 6&#8217;45&#8221; : www.nuitdesallumes.fr\/allumes2025_questions.mp4 Questions &#8220;Partenariat&#8221; 2&#8217;05&#8221; : https:\/\/www.nuitdesallumes.fr\/allumes2025_questions_partner.mp4 Questions &#8220;Version compl\u00e8te&#8221; 10&#8217;30&#8221; : https:\/\/www.nuitdesallumes.fr\/allumes2025_questionsfull.mp4 . . EN COURS : Courrier de premier contact (A4 portrait 2 pages PDF ) : www.nuitdesallumes.fr\/1ercontact_allumes2025.pdf . Courrier de [&hellip;]<\/p>\n","protected":false},"author":1,"featured_media":0,"parent":0,"menu_order":0,"comment_status":"closed","ping_status":"closed","template":"","meta":{"footnotes":""},"class_list":["post-114","page","type-page","status-publish","hentry"],"_links":{"self":[{"href":"https:\/\/nuitdesallumes.fr\/index.php\/wp-json\/wp\/v2\/pages\/114","targetHints":{"allow":["GET"]}}],"collection":[{"href":"https:\/\/nuitdesallumes.fr\/index.php\/wp-json\/wp\/v2\/pages"}],"about":[{"href":"https:\/\/nuitdesallumes.fr\/index.php\/wp-json\/wp\/v2\/types\/page"}],"author":[{"embeddable":true,"href":"https:\/\/nuitdesallumes.fr\/index.php\/wp-json\/wp\/v2\/users\/1"}],"replies":[{"embeddable":true,"href":"https:\/\/nuitdesallumes.fr\/index.php\/wp-json\/wp\/v2\/comments?post=114"}],"version-history":[{"count":29,"href":"https:\/\/nuitdesallumes.fr\/index.php\/wp-json\/wp\/v2\/pages\/114\/revisions"}],"predecessor-version":[{"id":208,"href":"https:\/\/nuitdesallumes.fr\/index.php\/wp-json\/wp\/v2\/pages\/114\/revisions\/208"}],"wp:attachment":[{"href":"https:\/\/nuitdesallumes.fr\/index.php\/wp-json\/wp\/v2\/media?parent=114"}],"curies":[{"name":"wp","href":"https:\/\/api.w.org\/{rel}","templated":true}]}}